{"id":3191,"date":"2025-12-02T10:17:47","date_gmt":"2025-12-02T10:17:47","guid":{"rendered":"https:\/\/biorganixingredients.com\/applications\/"},"modified":"2026-01-12T12:40:56","modified_gmt":"2026-01-12T12:40:56","slug":"applications","status":"publish","type":"page","link":"https:\/\/biorganixingredients.com\/pt-br\/applications\/","title":{"rendered":"Aplica\u00e7\u00f5es"},"content":{"rendered":"<section id=\"bt_section69e35d334b3bd\" data-parallax=\"0.8\" data-parallax-offset=\"0\" class=\"boldSection topSemiSpaced bottomSemiSpaced gutter inherit btParallax\" ><div class=\"port\"><div class=\"boldCell\"><div class=\"boldCellInner\"><div class=\"boldRow \" ><div class=\"boldRowInner\"><div class=\"rowItem col-md-12 col-ms-12  btTextCenter animate animate-fadein inherit\"  data-width=\"12\"><div class=\"rowItemContent\" ><header class=\"header btClear large btDash bottomDash\" ><div class=\"dash\"><h2><span class=\"headline\"><b class=\"animate\">Aplica\u00e7\u00f5es vers\u00e1teis e abrangentes<\/b><\/span><\/h2><\/div><\/header><div class=\"btClear btSeparator bottomSemiSpaced noBorder\" ><hr><\/div><\/div><\/div><\/div><\/div><div class=\"boldRow \" ><div class=\"boldRowInner\"><div class=\"rowItem col-md-3 col-sm-6 col-ms-12 btTextCenter animate animate-fadein inherit btLightSkin\"  data-width=\"3\"><div class=\"rowItemContent\" style = \"background-color: rgba(255, 255, 255, 1); \"><div class=\"bpgPhoto  btCircleImage\" ><div class = \"btImage\"><img decoding=\"async\" src=\"https:\/\/biorganixingredients.com\/wp-content\/uploads\/2025\/12\/Snacks-potato-chips-pretzels-and-nuts-no-text-no-brand.png\" alt=\"\" title=\"Snacks potato chips, pretzels, and nuts no text, no brand\"><\/div><\/div><div class=\"btClear btSeparator topSmallSpaced bottomSmallSpaced noBorder\" ><hr><\/div><header class=\"header btClear extrasmall\" ><div class=\"dash\"><h4><span class=\"headline\">Lanches: batatas fritas, pretzels e nozes<\/span><\/h4><\/div><\/header><div class=\"btClear btSeparator bottomSpaced noBorder\" ><hr><\/div><\/div><\/div><div class=\"rowItem col-md-3 col-sm-6 col-ms-12 btTextCenter animate animate-fadein inherit btLightSkin\"  data-width=\"3\"><div class=\"rowItemContent\" style = \"background-color: rgba(255, 255, 255, 1); \"><div class=\"bpgPhoto  btCircleImage\" ><div class = \"btImage\"><img decoding=\"async\" src=\"https:\/\/biorganixingredients.com\/wp-content\/uploads\/2025\/12\/Meat-Industry-sausages-and-processed-products-2.png\" alt=\"\" title=\"Meat Industry sausages and processed products (2)\"><\/div><\/div><div class=\"btClear btSeparator topSmallSpaced bottomSmallSpaced noBorder\" ><hr><\/div><header class=\"header btClear extrasmall\" ><div class=\"dash\"><h4><span class=\"headline\">Ind\u00fastria de carnes: salsichas e produtos processados<\/span><\/h4><\/div><\/header><div class=\"btClear btSeparator bottomSpaced noBorder\" ><hr><\/div><\/div><\/div><div class=\"rowItem col-md-3 col-sm-6 col-ms-12 btTextCenter animate animate-fadein inherit btLightSkin\"  data-width=\"3\"><div class=\"rowItemContent\" style = \"background-color: rgba(255, 255, 255, 1); \"><div class=\"bpgPhoto  btCircleImage\" ><div class = \"btImage\"><img decoding=\"async\" src=\"https:\/\/biorganixingredients.com\/wp-content\/uploads\/2025\/12\/Dairy-cheeses-and-various-dairy-products-2.png\" alt=\"\" title=\"Dairy cheeses and various dairy products (2)\"><\/div><\/div><div class=\"btClear btSeparator topSmallSpaced bottomSmallSpaced noBorder\" ><hr><\/div><header class=\"header btClear extrasmall\" ><div class=\"dash\"><h4><span class=\"headline\">Latic\u00ednios: queijos e latic\u00ednios diversos<\/span><\/h4><\/div><\/header><div class=\"btClear btSeparator bottomSpaced noBorder\" ><hr><\/div><\/div><\/div><div class=\"rowItem col-md-3 col-sm-6 col-ms-12 btTextCenter animate animate-fadein inherit btLightSkin\"  data-width=\"3\"><div class=\"rowItemContent\" style = \"background-color: rgba(255, 255, 255, 1); \"><div class=\"bpgPhoto  btCircleImage\" ><div class = \"btImage\"><img decoding=\"async\" src=\"https:\/\/biorganixingredients.com\/wp-content\/uploads\/2025\/12\/Beverages-soft-drinks-juices-and-functional-beverages-2.png\" alt=\"\" title=\"Beverages soft drinks, juices, and functional beverages (2)\"><\/div><\/div><div class=\"btClear btSeparator topSmallSpaced bottomSmallSpaced noBorder\" ><hr><\/div><header class=\"header btClear extrasmall\" ><div class=\"dash\"><h4><span class=\"headline\">Bebidas: refrigerantes, sucos e bebidas funcionais<\/span><\/h4><\/div><\/header><div class=\"btClear btSeparator bottomSpaced noBorder\" ><hr><\/div><\/div><\/div><\/div><\/div><div class=\"boldRow \" ><div class=\"boldRowInner\"><div class=\"rowItem col-md-3 col-sm-6 col-ms-12 btTextCenter animate animate-fadein inherit btLightSkin\"  data-width=\"3\"><div class=\"rowItemContent\" style = \"background-color: rgba(255, 255, 255, 1); \"><div class=\"bpgPhoto  btCircleImage\" ><div class = \"btImage\"><img decoding=\"async\" src=\"https:\/\/biorganixingredients.com\/wp-content\/uploads\/2025\/12\/Sauces-and-Ketchup-consistency-and-distinctive-flavor-profiles-2.png\" alt=\"\" title=\"Sauces and Ketchup consistency and distinctive flavor profiles (2)\"><\/div><\/div><div class=\"btClear btSeparator topSmallSpaced bottomSmallSpaced noBorder\" ><hr><\/div><header class=\"header btClear extrasmall\" ><div class=\"dash\"><h4><span class=\"headline\">Molhos e ketchup: consist\u00eancia e perfis de sabor diferenciados<\/span><\/h4><\/div><\/header><div class=\"btClear btSeparator bottomSmallSpaced noBorder\" ><hr><\/div><\/div><\/div><div class=\"rowItem col-md-3 col-sm-6 col-ms-12 btTextCenter animate animate-fadein inherit btLightSkin\"  data-width=\"3\"><div class=\"rowItemContent\" style = \"background-color: rgba(255, 255, 255, 1); \"><div class=\"bpgPhoto  btCircleImage\" ><div class = \"btImage\"><img decoding=\"async\" src=\"https:\/\/biorganixingredients.com\/wp-content\/uploads\/2025\/12\/Vegan-Products-and-Healthy-Nutrition-2.png\" alt=\"\" title=\"Vegan Products and Healthy Nutrition (2)\"><\/div><\/div><div class=\"btClear btSeparator topSmallSpaced bottomSmallSpaced noBorder\" ><hr><\/div><header class=\"header btClear extrasmall\" ><div class=\"dash\"><h4><span class=\"headline\">Produtos veganos e nutri\u00e7\u00e3o saud\u00e1vel<\/span><\/h4><\/div><\/header><div class=\"btClear btSeparator bottomSmallSpaced noBorder\" ><hr><\/div><\/div><\/div><div class=\"rowItem col-md-3 col-sm-6 col-ms-12 btTextCenter animate animate-fadein inherit btLightSkin\"  data-width=\"3\"><div class=\"rowItemContent\" style = \"background-color: rgba(255, 255, 255, 1); \"><div class=\"bpgPhoto  btCircleImage\" ><div class = \"btImage\"><img decoding=\"async\" src=\"https:\/\/biorganixingredients.com\/wp-content\/uploads\/2025\/12\/Confectionery-flavorings-and-stabilizers-for-sweets.png\" alt=\"\" title=\"Confectionery flavorings and stabilizers for sweets\"><\/div><\/div><div class=\"btClear btSeparator topSmallSpaced bottomSmallSpaced noBorder\" ><hr><\/div><header class=\"header btClear extrasmall\" ><div class=\"dash\"><h4><span class=\"headline\">Confeitaria: aromatizantes e estabilizantes para doces<\/span><\/h4><\/div><\/header><div class=\"btClear btSeparator bottomSmallSpaced noBorder\" ><hr><\/div><\/div><\/div><div class=\"rowItem col-md-3 col-sm-6 col-ms-12 btTextCenter animate animate-fadein inherit btLightSkin\"  data-width=\"3\"><div class=\"rowItemContent\" style = \"background-color: rgba(255, 255, 255, 1); \"><div class=\"bpgPhoto  btCircleImage\" ><div class = \"btImage\"><img decoding=\"async\" src=\"https:\/\/biorganixingredients.com\/wp-content\/uploads\/2025\/12\/Food-Service-HORECA-soups-marinades-and-instant-meals.png\" alt=\"\" title=\"Food Service (HORECA) soups, marinades, and instant meals\"><\/div><\/div><div class=\"btClear btSeparator topSmallSpaced bottomSmallSpaced noBorder\" ><hr><\/div><header class=\"header btClear extrasmall\" ><div class=\"dash\"><h4><span class=\"headline\">Servi\u00e7os de alimenta\u00e7\u00e3o (HORECA): sopas, marinadas e refei\u00e7\u00f5es instant\u00e2neas<\/span><\/h4><\/div><\/header><div class=\"btClear btSeparator bottomSmallSpaced noBorder\" ><hr><\/div><\/div><\/div><\/div><\/div><\/div><\/div><\/div><\/section>\n","protected":false},"excerpt":{"rendered":"<p>Foster collaborative thinking to further the overall value proposition. Organically grow the holistic world view of disruptive innovation via workplace diversity and empowerment.<\/p>\n","protected":false},"author":2,"featured_media":3166,"parent":0,"menu_order":0,"comment_status":"closed","ping_status":"closed","template":"","meta":{"footnotes":""},"class_list":["post-3191","page","type-page","status-publish","has-post-thumbnail","hentry"],"_links":{"self":[{"href":"https:\/\/biorganixingredients.com\/pt-br\/wp-json\/wp\/v2\/pages\/3191","targetHints":{"allow":["GET"]}}],"collection":[{"href":"https:\/\/biorganixingredients.com\/pt-br\/wp-json\/wp\/v2\/pages"}],"about":[{"href":"https:\/\/biorganixingredients.com\/pt-br\/wp-json\/wp\/v2\/types\/page"}],"author":[{"embeddable":true,"href":"https:\/\/biorganixingredients.com\/pt-br\/wp-json\/wp\/v2\/users\/2"}],"replies":[{"embeddable":true,"href":"https:\/\/biorganixingredients.com\/pt-br\/wp-json\/wp\/v2\/comments?post=3191"}],"version-history":[{"count":2,"href":"https:\/\/biorganixingredients.com\/pt-br\/wp-json\/wp\/v2\/pages\/3191\/revisions"}],"predecessor-version":[{"id":3211,"href":"https:\/\/biorganixingredients.com\/pt-br\/wp-json\/wp\/v2\/pages\/3191\/revisions\/3211"}],"wp:featuredmedia":[{"embeddable":true,"href":"https:\/\/biorganixingredients.com\/pt-br\/wp-json\/wp\/v2\/media\/3166"}],"wp:attachment":[{"href":"https:\/\/biorganixingredients.com\/pt-br\/wp-json\/wp\/v2\/media?parent=3191"}],"curies":[{"name":"wp","href":"https:\/\/api.w.org\/{rel}","templated":true}]}}