{"id":3188,"date":"2025-12-02T10:17:47","date_gmt":"2025-12-02T10:17:47","guid":{"rendered":"https:\/\/biorganixingredients.com\/solution-portfolio\/"},"modified":"2026-03-23T08:49:09","modified_gmt":"2026-03-23T08:49:09","slug":"solution-portfolio","status":"publish","type":"page","link":"https:\/\/biorganixingredients.com\/pt-br\/solution-portfolio\/","title":{"rendered":"Portf\u00f3lio de Solu\u00e7\u00f5es"},"content":{"rendered":"<section id=\"bt_section69e35da847053\" data-parallax=\"0.8\" data-parallax-offset=\"0\" class=\"boldSection topSpaced bottomSpaced inherit btParallax\" ><div class=\"port\"><div class=\"boldCell\"><div class=\"boldCellInner\"><div class=\"boldRow \" ><div class=\"boldRowInner\"><div class=\"rowItem col-md-12 col-ms-12  btTextCenter animate animate-fadein inherit\"  data-width=\"12\"><div class=\"rowItemContent\" ><header class=\"header btClear large btDash bottomDash\" ><div class=\"dash\"><h2><span class=\"headline\"><b class=\"animate\">Portf\u00f3lio de solu\u00e7\u00f5es ponta a ponta<\/b><\/span><\/h2><\/div><\/header><div class=\"btClear btSeparator bottomSemiSpaced noBorder\" ><hr><\/div><\/div><\/div><\/div><\/div><div class=\"boldRow \" ><div class=\"boldRowInner\"><div class=\"rowItem col-md-3 col-sm-6 col-ms-12 btTextCenter animate animate-fadein inherit btLightSkin\"  data-width=\"3\"><div class=\"rowItemContent\" style = \"background-color: rgba(255, 255, 255, 1); \"><div class=\"bpgPhoto \" ><div class = \"btImage\"><img decoding=\"async\" src=\"https:\/\/biorganixingredients.com\/wp-content\/uploads\/2026\/02\/natural-colorants.714Z-Medium-640x640.png\" alt=\"\" title=\"natural-colorants.714Z (Medium)\"><\/div><\/div><div class=\"btClear btSeparator topSmallSpaced bottomSmallSpaced noBorder\" ><hr><\/div><header class=\"header btClear extrasmall\" ><div class=\"dash\"><h4><span class=\"headline\">Corantes Naturais<\/span><\/h4><\/div><\/header><div class=\"btClear btSeparator bottomSmallSpaced noBorder\" ><hr><\/div><\/div><\/div><div class=\"rowItem col-md-3 col-sm-6 col-ms-12 btTextCenter animate animate-fadein inherit btLightSkin\"  data-width=\"3\"><div class=\"rowItemContent\" style = \"background-color: rgba(255, 255, 255, 1); \"><div class=\"bpgPhoto \" ><div class = \"btImage\"><img decoding=\"async\" src=\"https:\/\/biorganixingredients.com\/wp-content\/uploads\/2025\/12\/1764781095-1.png\" alt=\"\" title=\"Fruit and vegetable powders\"><\/div><\/div><div class=\"btClear btSeparator topSmallSpaced bottomSmallSpaced noBorder\" ><hr><\/div><header class=\"header btClear extrasmall\" ><div class=\"dash\"><h4><span class=\"headline\">Frutas e Vegetais em p\u00f3.<\/span><\/h4><\/div><\/header><div class=\"btClear btSeparator bottomSmallSpaced noBorder\" ><hr><\/div><\/div><\/div><div class=\"rowItem col-md-3 col-sm-6 col-ms-12 btTextCenter animate animate-fadein inherit btLightSkin\"  data-width=\"3\"><div class=\"rowItemContent\" style = \"background-color: rgba(255, 255, 255, 1); \"><div class=\"bpgPhoto \" ><div class = \"btImage\"><img decoding=\"async\" src=\"https:\/\/biorganixingredients.com\/wp-content\/uploads\/2025\/12\/Google_AI_Studio_2025-12-03T16_05_35.694Z.png\" alt=\"\" title=\"Stabilizers and emulsifiers for the food industry\"><\/div><\/div><div class=\"btClear btSeparator topSmallSpaced bottomSmallSpaced noBorder\" ><hr><\/div><header class=\"header btClear extrasmall\" ><div class=\"dash\"><h4><span class=\"headline\">Estabilizantes e emulsificantes para a ind\u00fastria aliment\u00edcia<\/span><\/h4><\/div><\/header><div class=\"btClear btSeparator bottomSmallSpaced noBorder\" ><hr><\/div><\/div><\/div><div class=\"rowItem col-md-3 col-sm-6 col-ms-12 btTextCenter animate animate-fadein inherit btLightSkin\"  data-width=\"3\"><div class=\"rowItemContent\" style = \"background-color: rgba(255, 255, 255, 1); \"><div class=\"bpgPhoto \" ><div class = \"btImage\"><img decoding=\"async\" src=\"https:\/\/biorganixingredients.com\/wp-content\/uploads\/2025\/12\/Flavorings-for-confectionery-beverages-dairy-products-and-oils.png\" alt=\"\" title=\"Flavorings for confectionery, beverages, dairy products, and oils\"><\/div><\/div><div class=\"btClear btSeparator topSmallSpaced bottomSmallSpaced noBorder\" ><hr><\/div><header class=\"header btClear extrasmall\" ><div class=\"dash\"><h4><span class=\"headline\">Aromatizantes para confeitaria, bebidas, latic\u00ednios e \u00f3leos<\/span><\/h4><\/div><\/header><div class=\"btClear btSeparator bottomSmallSpaced noBorder\" ><hr><\/div><\/div><\/div><\/div><\/div><div class=\"boldRow \" ><div class=\"boldRowInner\"><div class=\"rowItem col-md-3 col-sm-6 col-ms-12 btTextCenter animate animate-fadein inherit btLightSkin\"  data-width=\"3\"><div class=\"rowItemContent\" style = \"background-color: rgba(255, 255, 255, 1); \"><div class=\"bpgPhoto \" ><div class = \"btImage\"><img decoding=\"async\" src=\"https:\/\/biorganixingredients.com\/wp-content\/uploads\/2025\/12\/Functional-blends-for-meat-products-snacks-and-seafood-2.png\" alt=\"\" title=\"Functional blends for meat products, snacks, and seafood (2)\"><\/div><\/div><div class=\"btClear btSeparator topSmallSpaced bottomSmallSpaced noBorder\" ><hr><\/div><header class=\"header btClear extrasmall\" ><div class=\"dash\"><h4><span class=\"headline\">Misturas funcionais para produtos c\u00e1rneos, salgadinhos e frutos do mar<\/span><\/h4><\/div><\/header><div class=\"btClear btSeparator bottomSmallSpaced noBorder\" ><hr><\/div><\/div><\/div><div class=\"rowItem col-md-3 col-sm-6 col-ms-12 btTextCenter animate animate-fadein inherit btLightSkin\"  data-width=\"3\"><div class=\"rowItemContent\" style = \"background-color: rgba(255, 255, 255, 1); \"><div class=\"bpgPhoto \" ><div class = \"btImage\"><img decoding=\"async\" src=\"https:\/\/biorganixingredients.com\/wp-content\/uploads\/2025\/12\/Fragrances-for-perfumes-cosmetics-and-hygiene-products-no-text-no-brand.png\" alt=\"\" title=\"Fragrances for perfumes, cosmetics, and hygiene products no text, no brand\"><\/div><\/div><div class=\"btClear btSeparator topSmallSpaced bottomSmallSpaced noBorder\" ><hr><\/div><header class=\"header btClear extrasmall\" ><div class=\"dash\"><h4><span class=\"headline\">Fragr\u00e2ncias para perfumes, cosm\u00e9ticos e produtos de higiene<\/span><\/h4><\/div><\/header><div class=\"btClear btSeparator bottomSmallSpaced noBorder\" ><hr><\/div><\/div><\/div><div class=\"rowItem col-md-3 col-sm-6 col-ms-12 btTextCenter animate animate-fadein inherit btLightSkin\"  data-width=\"3\"><div class=\"rowItemContent\" style = \"background-color: rgba(255, 255, 255, 1); \"><div class=\"bpgPhoto \" ><div class = \"btImage\"><img decoding=\"async\" src=\"https:\/\/biorganixingredients.com\/wp-content\/uploads\/2025\/12\/Custom-aromatic-and-functional-blends.png\" alt=\"\" title=\"Custom aromatic and functional blends\"><\/div><\/div><div class=\"btClear btSeparator topSmallSpaced bottomSmallSpaced noBorder\" ><hr><\/div><header class=\"header btClear extrasmall\" ><div class=\"dash\"><h4><span class=\"headline\">Misturas arom\u00e1ticas e funcionais personalizadas<\/span><\/h4><\/div><\/header><div class=\"btClear btSeparator bottomSmallSpaced noBorder\" ><hr><\/div><\/div><\/div><div class=\"rowItem col-md-3 col-sm-6 col-ms-12 btTextCenter animate animate-fadein inherit btLightSkin\"  data-width=\"3\"><div class=\"rowItemContent\" style = \"background-color: rgba(255, 255, 255, 1); \"><div class=\"bpgPhoto \" ><div class = \"btImage\"><img decoding=\"async\" src=\"https:\/\/biorganixingredients.com\/wp-content\/uploads\/2025\/12\/Complementary-products-glycerin-citric-acid-vitamin-C-preservatives-thickeners-4.png\" alt=\"\" title=\"Complementary products glycerin, citric acid, vitamin C, preservatives, thickeners (4)\"><\/div><\/div><div class=\"btClear btSeparator topSmallSpaced bottomSmallSpaced noBorder\" ><hr><\/div><header class=\"header btClear extrasmall\" ><div class=\"dash\"><h4><span class=\"headline\">Produtos complementares: glicerina, \u00e1cido c\u00edtrico, vitamina C, conservantes, espessantes<\/span><\/h4><\/div><\/header><div class=\"btClear btSeparator bottomSmallSpaced noBorder\" ><hr><\/div><\/div><\/div><\/div><\/div><div class=\"boldRow \" ><div class=\"boldRowInner\"><div class=\"rowItem col-md-3 col-sm-6 col-ms-12 btTextCenter animate animate-fadein inherit btLightSkin\"  data-width=\"3\"><div class=\"rowItemContent\" style = \"background-color: rgba(255, 255, 255, 1); \"><\/div><\/div><div class=\"rowItem col-md-3 col-sm-6 col-ms-12 btTextCenter animate animate-fadein inherit btLightSkin\"  data-width=\"3\"><div class=\"rowItemContent\" style = \"background-color: rgba(255, 255, 255, 1); \"><div class=\"bpgPhoto \" ><div class = \"btImage\"><img decoding=\"async\" src=\"https:\/\/biorganixingredients.com\/wp-content\/uploads\/2026\/02\/freeze-dried-and-dehydrated-vegetables-and-fruits.634Z-Medium-640x640.png\" alt=\"\" title=\"freeze-dried-and-dehydrated-vegetables-and-fruits.634Z (Medium)\"><\/div><\/div><div class=\"btClear btSeparator topSmallSpaced bottomSmallSpaced noBorder\" ><hr><\/div><header class=\"header btClear extrasmall\" ><div class=\"dash\"><h4><span class=\"headline\">Vegetais e frutas liofilizados e desidratados<\/span><\/h4><\/div><\/header><div class=\"btClear btSeparator bottomSmallSpaced noBorder\" ><hr><\/div><\/div><\/div><div class=\"rowItem col-md-3 col-sm-6 col-ms-12 btTextCenter animate animate-fadein inherit btLightSkin\"  data-width=\"3\"><div class=\"rowItemContent\" style = \"background-color: rgba(255, 255, 255, 1); \"><div class=\"bpgPhoto \" ><div class = \"btImage\"><img decoding=\"async\" src=\"https:\/\/biorganixingredients.com\/wp-content\/uploads\/2025\/12\/Seasonings-and-ketchups.png\" alt=\"\" title=\"Seasonings and ketchups\"><\/div><\/div><div class=\"btClear btSeparator topSmallSpaced bottomSmallSpaced noBorder\" ><hr><\/div><header class=\"header btClear extrasmall\" ><div class=\"dash\"><h4><span class=\"headline\">Temperos e ketchups<\/span><\/h4><\/div><\/header><div class=\"btClear btSeparator bottomSmallSpaced noBorder\" ><hr><\/div><\/div><\/div><div class=\"rowItem col-md-3 col-sm-6 col-ms-12 btTextCenter animate animate-fadein inherit btLightSkin\"  data-width=\"3\"><div class=\"rowItemContent\" style = \"background-color: rgba(255, 255, 255, 1); \"><\/div><\/div><\/div><\/div><\/div><\/div><\/div><\/section>\n","protected":false},"excerpt":{"rendered":"<p>Foster collaborative thinking to further the overall value proposition. Organically grow the holistic world view of disruptive innovation via workplace diversity and empowerment.<\/p>\n","protected":false},"author":2,"featured_media":3190,"parent":0,"menu_order":0,"comment_status":"closed","ping_status":"closed","template":"","meta":{"footnotes":""},"class_list":["post-3188","page","type-page","status-publish","has-post-thumbnail","hentry"],"_links":{"self":[{"href":"https:\/\/biorganixingredients.com\/pt-br\/wp-json\/wp\/v2\/pages\/3188","targetHints":{"allow":["GET"]}}],"collection":[{"href":"https:\/\/biorganixingredients.com\/pt-br\/wp-json\/wp\/v2\/pages"}],"about":[{"href":"https:\/\/biorganixingredients.com\/pt-br\/wp-json\/wp\/v2\/types\/page"}],"author":[{"embeddable":true,"href":"https:\/\/biorganixingredients.com\/pt-br\/wp-json\/wp\/v2\/users\/2"}],"replies":[{"embeddable":true,"href":"https:\/\/biorganixingredients.com\/pt-br\/wp-json\/wp\/v2\/comments?post=3188"}],"version-history":[{"count":5,"href":"https:\/\/biorganixingredients.com\/pt-br\/wp-json\/wp\/v2\/pages\/3188\/revisions"}],"predecessor-version":[{"id":3267,"href":"https:\/\/biorganixingredients.com\/pt-br\/wp-json\/wp\/v2\/pages\/3188\/revisions\/3267"}],"wp:featuredmedia":[{"embeddable":true,"href":"https:\/\/biorganixingredients.com\/pt-br\/wp-json\/wp\/v2\/media\/3190"}],"wp:attachment":[{"href":"https:\/\/biorganixingredients.com\/pt-br\/wp-json\/wp\/v2\/media?parent=3188"}],"curies":[{"name":"wp","href":"https:\/\/api.w.org\/{rel}","templated":true}]}}